{"id":93,"date":"2016-09-05T11:52:21","date_gmt":"2016-09-05T09:52:21","guid":{"rendered":"http:\/\/www.woodcoregang.cz\/?page_id=93"},"modified":"2022-08-29T12:42:49","modified_gmt":"2022-08-29T10:42:49","slug":"diy-dilna","status":"publish","type":"page","link":"https:\/\/www.woodcoregang.cz\/?page_id=93","title":{"rendered":"DIY D\u00cdLNA"},"content":{"rendered":"<p><strong>DIY OR DIE!<\/strong><\/p>\n<p>Na adrese&nbsp;<a href=\"https:\/\/mapy.cz\/s\/146t2\" target=\"_blank\" rel=\"noopener\">Po\u010deplice 23<\/a>&nbsp;jsme pro v\u00e1s otev\u0159eli DIY d\u00edlnu <a href=\"https:\/\/www.stodolar.cz\"><strong>STODOLAR<\/strong><\/a>. Otev\u0159eno je ka\u017ed\u00fd den <strong>po telefonick\u00e9 dohod\u011b na \u010d\u00edsle 608652400<\/strong>.<\/p>\n<p>Na stejn\u00e9 adrese pak poskytujeme <a href=\"https:\/\/laser.woodcoregang.cz\">laserov\u00e9 \u0159ez\u00e1n\u00ed kov\u016f<\/a>.<\/p>\n<p>Po\u010deplice jsou v dosahu MHD, konkr\u00e9tn\u011b linky 369 ze zast\u00e1vky Praha-L\u00e1dv\u00ed.<\/p>\n<p>Bu\u010fte n\u00e1m co nejsrde\u010dn\u011bji v\u00edt\u00e1ni.<\/p>\n","protected":false},"excerpt":{"rendered":"<p>DIY OR DIE! Na adrese&nbsp;Po\u010deplice 23&nbsp;jsme pro v\u00e1s otev\u0159eli DIY d\u00edlnu STODOLAR. Otev\u0159eno je ka\u017ed\u00fd den po telefonick\u00e9 dohod\u011b na \u010d\u00edsle 608652400. Na stejn\u00e9 adrese pak poskytujeme laserov\u00e9 \u0159ez\u00e1n\u00ed kov\u016f. Po\u010deplice jsou v dosahu MHD, konkr\u00e9tn\u011b linky 369 ze zast\u00e1vky Praha-L\u00e1dv\u00ed. Bu\u010fte n\u00e1m co nejsrde\u010dn\u011bji v\u00edt\u00e1ni.<\/p>\n","protected":false},"author":1,"featured_media":0,"parent":0,"menu_order":0,"comment_status":"closed","ping_status":"closed","template":"","meta":{"ngg_post_thumbnail":0,"footnotes":""},"class_list":["post-93","page","type-page","status-publish","hentry"],"yoast_head":"<!-- This site is optimized with the Yoast SEO plugin v24.4 - https:\/\/yoast.com\/wordpress\/plugins\/seo\/ -->\n<title>DIY D\u00cdLNA - Woodcore Gang<\/title>\n<meta name=\"robots\" content=\"index, follow, max-snippet:-1, max-image-preview:large, max-video-preview:-1\" \/>\n<link rel=\"canonical\" href=\"https:\/\/www.woodcoregang.cz\/?page_id=93\" \/>\n<meta property=\"og:locale\" content=\"en_US\" \/>\n<meta property=\"og:type\" content=\"article\" \/>\n<meta property=\"og:title\" content=\"DIY D\u00cdLNA - Woodcore Gang\" \/>\n<meta property=\"og:description\" content=\"DIY OR DIE! Na adrese&nbsp;Po\u010deplice 23&nbsp;jsme pro v\u00e1s otev\u0159eli DIY d\u00edlnu STODOLAR. Otev\u0159eno je ka\u017ed\u00fd den po telefonick\u00e9 dohod\u011b na \u010d\u00edsle 608652400. Na stejn\u00e9 adrese pak poskytujeme laserov\u00e9 \u0159ez\u00e1n\u00ed kov\u016f. Po\u010deplice jsou v dosahu MHD, konkr\u00e9tn\u011b linky 369 ze zast\u00e1vky Praha-L\u00e1dv\u00ed. Bu\u010fte n\u00e1m co nejsrde\u010dn\u011bji v\u00edt\u00e1ni.\" \/>\n<meta property=\"og:url\" content=\"https:\/\/www.woodcoregang.cz\/?page_id=93\" \/>\n<meta property=\"og:site_name\" content=\"Woodcore Gang\" \/>\n<meta property=\"article:modified_time\" content=\"2022-08-29T10:42:49+00:00\" \/>\n<meta name=\"twitter:card\" content=\"summary_large_image\" \/>\n<meta name=\"twitter:label1\" content=\"Est. reading time\" \/>\n\t<meta name=\"twitter:data1\" content=\"1 minute\" \/>\n<script type=\"application\/ld+json\" class=\"yoast-schema-graph\">{\"@context\":\"https:\/\/schema.org\",\"@graph\":[{\"@type\":\"WebPage\",\"@id\":\"https:\/\/www.woodcoregang.cz\/?page_id=93\",\"url\":\"https:\/\/www.woodcoregang.cz\/?page_id=93\",\"name\":\"DIY D\u00cdLNA - Woodcore Gang\",\"isPartOf\":{\"@id\":\"https:\/\/www.woodcoregang.cz\/#website\"},\"datePublished\":\"2016-09-05T09:52:21+00:00\",\"dateModified\":\"2022-08-29T10:42:49+00:00\",\"breadcrumb\":{\"@id\":\"https:\/\/www.woodcoregang.cz\/?page_id=93#breadcrumb\"},\"inLanguage\":\"en-US\",\"potentialAction\":[{\"@type\":\"ReadAction\",\"target\":[\"https:\/\/www.woodcoregang.cz\/?page_id=93\"]}]},{\"@type\":\"BreadcrumbList\",\"@id\":\"https:\/\/www.woodcoregang.cz\/?page_id=93#breadcrumb\",\"itemListElement\":[{\"@type\":\"ListItem\",\"position\":1,\"name\":\"Dom\u016f\",\"item\":\"https:\/\/www.woodcoregang.cz\/\"},{\"@type\":\"ListItem\",\"position\":2,\"name\":\"DIY D\u00cdLNA\"}]},{\"@type\":\"WebSite\",\"@id\":\"https:\/\/www.woodcoregang.cz\/#website\",\"url\":\"https:\/\/www.woodcoregang.cz\/\",\"name\":\"Woodcore Gang\",\"description\":\"Od kol\u00e9bky po rakev\",\"potentialAction\":[{\"@type\":\"SearchAction\",\"target\":{\"@type\":\"EntryPoint\",\"urlTemplate\":\"https:\/\/www.woodcoregang.cz\/?s={search_term_string}\"},\"query-input\":{\"@type\":\"PropertyValueSpecification\",\"valueRequired\":true,\"valueName\":\"search_term_string\"}}],\"inLanguage\":\"en-US\"}]}<\/script>\n<!-- \/ Yoast SEO plugin. -->","yoast_head_json":{"title":"DIY D\u00cdLNA - Woodcore Gang","robots":{"index":"index","follow":"follow","max-snippet":"max-snippet:-1","max-image-preview":"max-image-preview:large","max-video-preview":"max-video-preview:-1"},"canonical":"https:\/\/www.woodcoregang.cz\/?page_id=93","og_locale":"en_US","og_type":"article","og_title":"DIY D\u00cdLNA - Woodcore Gang","og_description":"DIY OR DIE! Na adrese&nbsp;Po\u010deplice 23&nbsp;jsme pro v\u00e1s otev\u0159eli DIY d\u00edlnu STODOLAR. Otev\u0159eno je ka\u017ed\u00fd den po telefonick\u00e9 dohod\u011b na \u010d\u00edsle 608652400. Na stejn\u00e9 adrese pak poskytujeme laserov\u00e9 \u0159ez\u00e1n\u00ed kov\u016f. Po\u010deplice jsou v dosahu MHD, konkr\u00e9tn\u011b linky 369 ze zast\u00e1vky Praha-L\u00e1dv\u00ed. Bu\u010fte n\u00e1m co nejsrde\u010dn\u011bji v\u00edt\u00e1ni.","og_url":"https:\/\/www.woodcoregang.cz\/?page_id=93","og_site_name":"Woodcore Gang","article_modified_time":"2022-08-29T10:42:49+00:00","twitter_card":"summary_large_image","twitter_misc":{"Est. reading time":"1 minute"},"schema":{"@context":"https:\/\/schema.org","@graph":[{"@type":"WebPage","@id":"https:\/\/www.woodcoregang.cz\/?page_id=93","url":"https:\/\/www.woodcoregang.cz\/?page_id=93","name":"DIY D\u00cdLNA - Woodcore Gang","isPartOf":{"@id":"https:\/\/www.woodcoregang.cz\/#website"},"datePublished":"2016-09-05T09:52:21+00:00","dateModified":"2022-08-29T10:42:49+00:00","breadcrumb":{"@id":"https:\/\/www.woodcoregang.cz\/?page_id=93#breadcrumb"},"inLanguage":"en-US","potentialAction":[{"@type":"ReadAction","target":["https:\/\/www.woodcoregang.cz\/?page_id=93"]}]},{"@type":"BreadcrumbList","@id":"https:\/\/www.woodcoregang.cz\/?page_id=93#breadcrumb","itemListElement":[{"@type":"ListItem","position":1,"name":"Dom\u016f","item":"https:\/\/www.woodcoregang.cz\/"},{"@type":"ListItem","position":2,"name":"DIY D\u00cdLNA"}]},{"@type":"WebSite","@id":"https:\/\/www.woodcoregang.cz\/#website","url":"https:\/\/www.woodcoregang.cz\/","name":"Woodcore Gang","description":"Od kol\u00e9bky po rakev","potentialAction":[{"@type":"SearchAction","target":{"@type":"EntryPoint","urlTemplate":"https:\/\/www.woodcoregang.cz\/?s={search_term_string}"},"query-input":{"@type":"PropertyValueSpecification","valueRequired":true,"valueName":"search_term_string"}}],"inLanguage":"en-US"}]}},"_links":{"self":[{"href":"https:\/\/www.woodcoregang.cz\/index.php?rest_route=\/wp\/v2\/pages\/93","targetHints":{"allow":["GET"]}}],"collection":[{"href":"https:\/\/www.woodcoregang.cz\/index.php?rest_route=\/wp\/v2\/pages"}],"about":[{"href":"https:\/\/www.woodcoregang.cz\/index.php?rest_route=\/wp\/v2\/types\/page"}],"author":[{"embeddable":true,"href":"https:\/\/www.woodcoregang.cz\/index.php?rest_route=\/wp\/v2\/users\/1"}],"replies":[{"embeddable":true,"href":"https:\/\/www.woodcoregang.cz\/index.php?rest_route=%2Fwp%2Fv2%2Fcomments&post=93"}],"version-history":[{"count":6,"href":"https:\/\/www.woodcoregang.cz\/index.php?rest_route=\/wp\/v2\/pages\/93\/revisions"}],"predecessor-version":[{"id":203,"href":"https:\/\/www.woodcoregang.cz\/index.php?rest_route=\/wp\/v2\/pages\/93\/revisions\/203"}],"wp:attachment":[{"href":"https:\/\/www.woodcoregang.cz\/index.php?rest_route=%2Fwp%2Fv2%2Fmedia&parent=93"}],"curies":[{"name":"wp","href":"https:\/\/api.w.org\/{rel}","templated":true}]}}